{"id":490,"date":"2023-02-26T12:19:05","date_gmt":"2023-02-26T09:19:05","guid":{"rendered":"http:\/\/www.actionry.fi\/?page_id=490"},"modified":"2026-02-28T22:44:09","modified_gmt":"2026-02-28T19:44:09","slug":"action-malja","status":"publish","type":"page","link":"http:\/\/www.actionry.fi\/?page_id=490","title":{"rendered":"Action malja"},"content":{"rendered":"<div class=\"wp-block-image\">\n<figure class=\"alignright size-large is-resized\"><a href=\"http:\/\/www.actionry.fi\/wp-content\/uploads\/2023\/03\/actionmalja22.png\"><img loading=\"lazy\" decoding=\"async\" width=\"768\" height=\"1024\" src=\"http:\/\/www.actionry.fi\/wp-content\/uploads\/2023\/03\/actionmalja22-768x1024.png\" alt=\"\" class=\"wp-image-519\" style=\"width:384px;height:512px\" srcset=\"http:\/\/www.actionry.fi\/wp-content\/uploads\/2023\/03\/actionmalja22-768x1024.png 768w, http:\/\/www.actionry.fi\/wp-content\/uploads\/2023\/03\/actionmalja22-225x300.png 225w, http:\/\/www.actionry.fi\/wp-content\/uploads\/2023\/03\/actionmalja22-1152x1536.png 1152w, http:\/\/www.actionry.fi\/wp-content\/uploads\/2023\/03\/actionmalja22-800x1067.png 800w, http:\/\/www.actionry.fi\/wp-content\/uploads\/2023\/03\/actionmalja22.png 1500w\" sizes=\"(max-width: 768px) 100vw, 768px\" \/><\/a><\/figure><\/div>\n\n\n<p>Action malja -kiertopalkinto luovutetaan palveluskoirakokeista parhaimmat pisteet saaneelle koirakolle yhdistyksen vuosikokouksessa. Pisteet lasketaan ao. taulukon mukaisesti. Palkinnon saajan kuuluu olla Action ry:n j\u00e4sen. Action malja -kiertopalkinto tulee palauttaa yhdistykselle viimeist\u00e4\u00e4n kuukautta ennen seuraavaa vuosikokousta. Paras koirakko valitaan l\u00e4hetettyjen tulosten perusteella.<\/p>\n\n\n\n<div class=\"wp-block-group\"><div class=\"wp-block-group__inner-container is-layout-constrained wp-block-group-is-layout-constrained\">\n<figure class=\"wp-block-table is-style-stripes\"><table><tbody><tr><td><strong>LUOKKA<\/strong><\/td><td><strong>1.<\/strong><strong>tulos<\/strong><\/td><td><strong>2.tulos<\/strong><\/td><td><strong>3.tulos<\/strong><\/td><\/tr><tr><td><strong>1. lk<\/strong><\/td><td>3 p<\/td><td>2 p<\/td><td>1 p<\/td><\/tr><tr><td><strong>2. lk<\/strong><\/td><td>5 p<\/td><td>3 p<\/td><td>2 p<\/td><\/tr><tr><td><strong>3. lk<\/strong><\/td><td>8 p<\/td><td>6 p<\/td><td>4 p<\/td><\/tr><\/tbody><\/table><\/figure>\n<\/div><\/div>\n\n\n\n<p>Erikoisj\u00e4lkikokeen tulokset huomioidaan siten, ett\u00e4 IFH1 luokka = 2. lk ja IFH2 luokka = 3. lk<\/p>\n\n\n\n<p>Sijoittuminen SM-, Piirin- tai Rotumestaruuskilpailuissa tuo lis\u00e4pisteit\u00e4 seuraavasti:<\/p>\n\n\n\n<div class=\"wp-block-group is-nowrap is-layout-flex wp-container-core-group-is-layout-2 wp-block-group-is-layout-flex\">\n<figure class=\"wp-block-table is-style-stripes\"><table><tbody><tr><td>1. sija<\/td><td>5 p<\/td><\/tr><tr><td>2. sija<\/td><td>3 p<\/td><\/tr><tr><td>3. sija<\/td><td>1 p<\/td><\/tr><\/tbody><\/table><\/figure>\n<\/div>\n\n\n\n<hr class=\"wp-block-separator has-alpha-channel-opacity\"\/>\n\n\n\n<p><strong>2025<\/strong><br>ssn Zofia Vom Goldbergsee, om.\/ohj. Tina Ek-Liechti<\/p>\n\n\n\n<hr class=\"wp-block-separator has-alpha-channel-opacity\"\/>\n\n\n\n<p><strong>2024<\/strong><br>ssn Zofia Vom Goldbergsee, om.\/ohj. Tina Ek-Liechti<\/p>\n\n\n\n<hr class=\"wp-block-separator has-alpha-channel-opacity\"\/>\n\n\n\n<p><strong>2023<\/strong><br>spu Nomazwinger Taisto, om.\/ohj. Krista Ukkola<\/p>\n\n\n\n<hr class=\"wp-block-separator has-alpha-channel-opacity\"\/>\n\n\n\n<p><strong>2022<\/strong><br>ssn Zofia Vom Goldbergsee, om.\/ohj. Tina Ek-Liechti<\/p>\n\n\n\n<hr class=\"wp-block-separator has-alpha-channel-opacity\"\/>\n\n\n\n<p><strong>2021<\/strong><br>ssn Tintenfass Wanderer Hv\u00b4s Dotter, om.\/ohj. Tina Ek-Liechti<\/p>\n\n\n\n<hr class=\"wp-block-separator has-alpha-channel-opacity\"\/>\n\n\n\n<p><strong>2020<\/strong><br>ssn Tintenfass Wanderer Hv\u00b4s Dotter, om.\/ohj. Tina Ek-Liechti<\/p>\n\n\n\n<hr class=\"wp-block-separator has-alpha-channel-opacity\"\/>\n\n\n\n<p><strong>2019<\/strong><br>ssn Tintenfass Wanderer Hv\u00b4s Dotter, om.\/ohj. Tina Ek-Liechti<\/p>\n\n\n\n<hr class=\"wp-block-separator has-alpha-channel-opacity\"\/>\n\n\n\n<p><strong>2018<\/strong><br>knu H\u00e4rk\u00e4p\u00e4\u00e4 Roope, om.\/ohj. Sirpa Vatanen<\/p>\n\n\n\n<hr class=\"wp-block-separator has-alpha-channel-opacity\"\/>\n\n\n\n<p><strong>2017<\/strong><br>knu H\u00e4rk\u00e4p\u00e4\u00e4 Roope, om.\/ohj. Sirpa Vatanen<\/p>\n\n\n\n<hr class=\"wp-block-separator has-alpha-channel-opacity\"\/>\n\n\n\n<p><strong>2016<\/strong><br>knu H\u00e4rk\u00e4p\u00e4\u00e4 Roope, om.\/ohj. Sirpa Vatanen<\/p>\n\n\n\n<hr class=\"wp-block-separator has-alpha-channel-opacity\"\/>\n\n\n\n<p><strong>2015<\/strong><br>spn Jabina Qui, om.\/ohj. Jarno Kallio<\/p>\n\n\n\n<hr class=\"wp-block-separator has-alpha-channel-opacity\"\/>\n\n\n\n<p><strong>2014<\/strong><br>bpmn Taikatalven Daystar, om.\/ohj. Helena Pitk\u00e4nen<\/p>\n\n\n\n<hr class=\"wp-block-separator has-alpha-channel-opacity\"\/>\n\n\n\n<figure class=\"wp-block-image size-large\"><a href=\"http:\/\/www.actionry.fi\/wp-content\/uploads\/2024\/06\/tukijat2024b.png\"><img loading=\"lazy\" decoding=\"async\" width=\"1024\" height=\"158\" src=\"http:\/\/www.actionry.fi\/wp-content\/uploads\/2024\/06\/tukijat2024b-1024x158.png\" alt=\"\" class=\"wp-image-742\" srcset=\"http:\/\/www.actionry.fi\/wp-content\/uploads\/2024\/06\/tukijat2024b-1024x158.png 1024w, http:\/\/www.actionry.fi\/wp-content\/uploads\/2024\/06\/tukijat2024b-300x46.png 300w, http:\/\/www.actionry.fi\/wp-content\/uploads\/2024\/06\/tukijat2024b-768x118.png 768w, http:\/\/www.actionry.fi\/wp-content\/uploads\/2024\/06\/tukijat2024b-800x123.png 800w, http:\/\/www.actionry.fi\/wp-content\/uploads\/2024\/06\/tukijat2024b.png 1300w\" sizes=\"(max-width: 1024px) 100vw, 1024px\" \/><\/a><\/figure>\n","protected":false},"excerpt":{"rendered":"<p>Action malja -kiertopalkinto luovutetaan palveluskoirakokeista parhaimmat pisteet saaneelle koirakolle yhdistyksen vuosikokouksessa. Pisteet lasketaan ao. taulukon mukaisesti. Palkinnon saajan kuuluu olla Action ry:n j\u00e4sen. Action malja -kiertopalkinto tulee palauttaa yhdistykselle viimeist\u00e4\u00e4n kuukautta ennen seuraavaa vuosikokousta. Paras koirakko valitaan l\u00e4hetettyjen tulosten perusteella. LUOKKA 1.tulos 2.tulos 3.tulos 1. lk 3 p 2 p 1 p 2. lk 5&hellip;<\/p>\n","protected":false},"author":1,"featured_media":0,"parent":0,"menu_order":0,"comment_status":"closed","ping_status":"closed","template":"","meta":{"footnotes":""},"_links":{"self":[{"href":"http:\/\/www.actionry.fi\/index.php?rest_route=\/wp\/v2\/pages\/490"}],"collection":[{"href":"http:\/\/www.actionry.fi\/index.php?rest_route=\/wp\/v2\/pages"}],"about":[{"href":"http:\/\/www.actionry.fi\/index.php?rest_route=\/wp\/v2\/types\/page"}],"author":[{"embeddable":true,"href":"http:\/\/www.actionry.fi\/index.php?rest_route=\/wp\/v2\/users\/1"}],"replies":[{"embeddable":true,"href":"http:\/\/www.actionry.fi\/index.php?rest_route=%2Fwp%2Fv2%2Fcomments&post=490"}],"version-history":[{"count":28,"href":"http:\/\/www.actionry.fi\/index.php?rest_route=\/wp\/v2\/pages\/490\/revisions"}],"predecessor-version":[{"id":926,"href":"http:\/\/www.actionry.fi\/index.php?rest_route=\/wp\/v2\/pages\/490\/revisions\/926"}],"wp:attachment":[{"href":"http:\/\/www.actionry.fi\/index.php?rest_route=%2Fwp%2Fv2%2Fmedia&parent=490"}],"curies":[{"name":"wp","href":"https:\/\/api.w.org\/{rel}","templated":true}]}}