{"id":413,"date":"2023-02-26T00:30:38","date_gmt":"2023-02-25T21:30:38","guid":{"rendered":"http:\/\/www.actionry.fi\/?page_id=413"},"modified":"2026-02-28T23:30:00","modified_gmt":"2026-02-28T20:30:00","slug":"vuoden-koirat","status":"publish","type":"page","link":"http:\/\/www.actionry.fi\/?page_id=413","title":{"rendered":"Vuoden koirat"},"content":{"rendered":"\n<h2 class=\"wp-block-heading\"><strong>Vuoden 2025 parhaat koirat<\/strong><\/h2>\n\n\n\n<p><strong>Action-malja<\/strong><br>Zofia vom Goldbergsee om. &amp; ohj. Tina Ek-Liechti<\/p>\n\n\n\n<p><strong>J\u00e4lki 3-luokka<br><\/strong>Quickbug Kuha Kiusaks M192 T90 YHT. 282, om. &amp; ohj. Krista Ukkola<\/p>\n\n\n\n<p><strong>J\u00e4lki 2-luokka<br><\/strong>Tintenfass L\u2019\u00e4tty M182 T92 YHT. 274, om. Anu Purola, ohj. Tina Ek-Liechti<\/p>\n\n\n\n<p><strong>J\u00e4lki 1-luokka<br><\/strong>Heilurih\u00e4nn\u00e4n Solar Energy M181 T76 YHT. 257, om. &amp; ohj. Tiina Varjola<\/p>\n\n\n\n<p><strong>Etsint\u00e4koe 3-luokka<\/strong><br>It Is Caff\u00e9 Mocha M161 T77 YHT. 238, om. &amp; ohj. Minna Kansikas<\/p>\n\n\n\n<p><strong>Etsint\u00e4koe 2-luokka<br><\/strong>Ajawixen&#8217;s Name Of The Game M157 T87 YHT. 244, om. &amp; ohj. Paula Kerola<\/p>\n\n\n\n<p><strong>FCI-FH 3-luokka<br><\/strong>Zofia vom Goldbergsee 87 p. om. &amp; ohj. Tina Ek-Liechti<\/p>\n\n\n\n<p><strong>FCI-FH 1-luokka<br><\/strong>Harmaakallion Kismet 94 p. om. &amp; ohj. Virve S\u00e4yri\u00f6<\/p>\n\n\n\n<p><strong>TOKO VOI-luokka<\/strong><br>Zofia vom Goldbergsee 243,5 p. om. &amp; ohj. Tina Ek-Liechti<\/p>\n\n\n\n<p><strong>TOKO ALO-luokka<\/strong><br>Tintenfass L\u2019\u00e4tty M182 T92 YHT. 274, om. Anu Purola, ohj. Tina Ek-Liechti<\/p>\n\n\n\n<p><strong>Nosework KEK3<\/strong><br>Hotimpi Taivaskero, om. &amp; ohj. Riitta Gl\u00f6dstaf<\/p>\n\n\n\n<p><strong>Nosework KEK2<\/strong><br>Kangasvuokon Miss Florida om. &amp; ohj. Anne Aro<\/p>\n\n\n\n<p><strong>Nosework KEK1<\/strong><br>Ajavixen&#8217;s Kind Of Magic om. &amp; ohj. Tarja Piispa<\/p>\n\n\n\n<p><strong>Nosework YEKS3<\/strong><br>Karlsvik Stargazer om. &amp; ohj. Jonna Friman<\/p>\n\n\n\n<p><strong>Nosework YEKS2<\/strong><br>Hotimpi Taivaskero, om. &amp; ohj. Riitta Gl\u00f6dstaf<\/p>\n\n\n\n<p><strong>Nosework YEKS1<\/strong><br>Philadelphian Sabanna Ivana, om. &amp; ohj. Fanni Snellman<\/p>\n\n\n\n<p><strong>Nosework YEKU2<\/strong><br>Karlsvik Stargazer om. &amp; ohj. Jonna Friman<\/p>\n\n\n\n<p><strong>Nosework YEKU1<\/strong><br>Hotimpi Taivaskero, om. &amp; ohj. Riitta Gl\u00f6dstaf<\/p>\n\n\n\n<p><strong>Nosework YEKL2<\/strong><br>Hotimpi Taivaskero, om. &amp; ohj. Riitta Gl\u00f6dstaf<\/p>\n\n\n\n<p><strong>Nosework YEKL1<\/strong><br>Ajavixen&#8217;s Kind Of Magic om. &amp; ohj. Tarja Piispa<\/p>\n\n\n\n<p><strong>Nosework YEKA1<\/strong><br>Karlsvik Stargazer om. &amp; ohj. Jonna Friman<\/p>\n\n\n\n<p><strong>Valiot<\/strong><\/p>\n\n\n\n<p><strong>Muotovaliot<\/strong><br><strong>FI MVA<\/strong>\u00a0\u00a0\u00a0\u00a0\u00a0\u00a0\u00a0\u00a0\u00a0\u00a0\u00a0\u00a0\u00a0\u00a0 phalenn Unelma du Bois d\u2019Eden &#8211; om. Sophie Lindstr\u00f6m<br><strong>FI MVA<\/strong>\u00a0\u00a0\u00a0\u00a0\u00a0\u00a0\u00a0\u00a0\u00a0\u00a0\u00a0\u00a0\u00a0\u00a0 lanheen Isrik Nemesis &#8211; om. Lasse Myllyl\u00e4<br><strong>FI MVA<\/strong>\u00a0\u00a0\u00a0\u00a0\u00a0\u00a0\u00a0\u00a0\u00a0\u00a0\u00a0\u00a0\u00a0\u00a0 lpkn Sysiv\u00e4ikeen Helka Helavalkea &#8211; om. Lasse Myllyl\u00e4<\/p>\n\n\n\n<p><strong>K\u00e4ytt\u00f6valio<br>FI KVA-PKJ<\/strong>\u00a0\u00a0\u00a0\u00a0\u00a0\u00a0 spu Nomazwinger Taisto &#8211; om. Krista Ukkola<\/p>\n\n\n\n<p><strong>Arvokilpailut<\/strong><\/p>\n\n\n\n<p><strong>FCI-IGP-FH2 ISPU<\/strong>, suursnautsereiden MM, 168 p. (84+84), 14. sija<br>Zofia vom Goldbergsee, om. &amp; ohj. Tina Ek-Liechti\u00a0<\/p>\n\n\n\n<p><strong>PM2 <\/strong>j\u00e4lki, 264 p. (m 194\/ t 70)<br>Nomazwinger Taisto, om. &amp; ohj. Krista Ukkola\u00a0\u00a0<\/p>\n\n\n\n<p><strong>FCI-BH diplomi<\/strong><\/p>\n\n\n\n<p>ssn Arrant Kitty Kitt-Katt &#8211; ohjaaja Tina Markusas<br>spn Harmaakallion Kismet &#8211; ohjaaja Virve S\u00e4yri\u00f6<br>spu Nobletic\u2019s \u00d6ky &#8211; ohjaaja Krista Ukkola<br>ssn Saturain Zaphire &#8211; ohjaaja Tina Ek-Liechti<br>hwu Skywatch\u2019s Unique Sweetboy &#8211; ohjaaja Jenna Loiri<\/p>\n\n\n\n<hr class=\"wp-block-separator has-alpha-channel-opacity\"\/>\n\n\n\n<h2 class=\"wp-block-heading\"><strong>Vuoden 2024 parhaat koirat<\/strong><\/h2>\n\n\n\n<p><strong>Action-malja<\/strong><br>Zofia vom Goldbergsee om. &amp; ohj. Tina Ek-Liechti<\/p>\n\n\n\n<p><strong>J\u00e4lki 3-luokka<br><\/strong>Quickbug Kuha Kiusaks M192 T87 YHT. 279, 1. tulos om. &amp; ohj. Krista Ukkola<\/p>\n\n\n\n<p><strong>J\u00e4lki 1-luokka<br><\/strong>Tintenfass L\u2019\u00e4tty M193 T90 YHT. 283, 1. tulos om. Anu Purola, ohj. Tina Ek-Liechti<\/p>\n\n\n\n<p><strong>Etsint\u00e4koe 3-luokka<\/strong><br>Zofia vom Goldbergsee M191 T92 YHT. 283, 1. tulos om. &amp; ohj. Tina Ek-Liechti<\/p>\n\n\n\n<p><strong>Etsint\u00e4koe 1-luokka<br><\/strong>Dale Defender Obedient Observer M171 T83 YHT. 254, 2.tulos om. &amp; ohj. Pirkko Kallinen<\/p>\n\n\n\n<p><strong>FCI-IGP 1-luokka<\/strong><br>Olard Yar Darth Vader A88 B79 C95 YHT. 262, 2.tulos om. &amp; ohj. Marjaana Partti<\/p>\n\n\n\n<p><strong>FCI-FH 1-luokka<\/strong><br>Zofia vom Goldbergsee 86, 2. tulos om. &amp; ohj. Tina Ek-Liechti<\/p>\n\n\n\n<p><strong>Toko avoin luokka<\/strong><br>Zofia vom Goldbergsee 286,5 p. om. &amp; ohj. Tina Ek-Liechti&nbsp;&nbsp;&nbsp;&nbsp;&nbsp;&nbsp;&nbsp;&nbsp;&nbsp;&nbsp;&nbsp;&nbsp;&nbsp;&nbsp;&nbsp;&nbsp;&nbsp;&nbsp;&nbsp;&nbsp;&nbsp;&nbsp;&nbsp;&nbsp;&nbsp;&nbsp;&nbsp;<\/p>\n\n\n\n<p><strong>FCI-BH diplomi<\/strong><br>Tintenfass L\u2019\u00e4tty om. Anu Purola, ohj. Tina Ek-Liechti&nbsp;&nbsp;&nbsp;&nbsp;&nbsp;&nbsp;&nbsp;&nbsp;&nbsp;&nbsp;&nbsp;<\/p>\n\n\n\n<p><strong>Nosework 1-luokka KEK<br><\/strong>Hotimpi Taivaskero om. &amp; ohj. Riitta Gl\u00f6dstaf<\/p>\n\n\n\n<p><strong>Nosework 1-luokka sis\u00e4<br><\/strong>Hotimpi Taivaskero om. &amp; ohj. Riitta Gl\u00f6dstaf<\/p>\n\n\n\n<p><strong>Nosework 1-luokka ulko<\/strong><br>Barffas Xitruuna om. &amp; ohj. Susanna Piibemann<\/p>\n\n\n\n<p><strong>Nosework 1-luokka laatikko<\/strong><br>Hotimpi Taivaskero om. &amp; ohj. Riitta Gl\u00f6dstaf<\/p>\n\n\n\n<p><strong>Nosework 1-luokka ajoneuvo<\/strong><br>Backriver&#8217;s First Every Brown om. &amp; ohj. Jonna Friman<\/p>\n\n\n\n<p><strong>Nosework 2-luokka KEK<br><\/strong>Musam\u00e4en Mets\u00e4raita om. &amp; ohj. Susanna Kallstr\u00f6m<\/p>\n\n\n\n<p><strong>Nosework 2-luokka sis\u00e4<br><\/strong>Karlsvik Stargazer om. &amp; ohj. Jonna Friman<\/p>\n\n\n\n<p><strong>Valionarvot<\/strong><br><strong>K\u00e4ytt\u00f6valio<\/strong><br>FI KVA (EK)&nbsp;&nbsp;&nbsp;&nbsp;&nbsp;&nbsp; Zofia vom Goldbergsee, Tina Ek-Liechti<\/p>\n\n\n\n<p><strong>Muotovaliot<\/strong><br><strong>C.I.B.<\/strong> &nbsp;&nbsp;&nbsp;&nbsp;&nbsp;&nbsp;&nbsp;&nbsp;&nbsp;&nbsp;&nbsp;&nbsp;&nbsp;&nbsp;&nbsp;&nbsp; Revolution De Lordship\u2019s, om. &amp; ohj. Anneli Alfthan<br><strong>FI MVA<\/strong>&nbsp;&nbsp;&nbsp;&nbsp;&nbsp;&nbsp;&nbsp;&nbsp;&nbsp;&nbsp;&nbsp;&nbsp;&nbsp; Revolution De Lordship\u2019s, om. &amp; ohj. Anneli Alfthan<br><strong>FI MVA<\/strong>&nbsp;&nbsp;&nbsp;&nbsp;&nbsp;&nbsp;&nbsp;&nbsp;&nbsp;&nbsp;&nbsp;&nbsp;&nbsp; Gloris Royal Lady, om. &amp; ohj. Anneli Alfthan<br><strong>FI MVA<\/strong>&nbsp;&nbsp;&nbsp;&nbsp;&nbsp;&nbsp;&nbsp;&nbsp;&nbsp;&nbsp;&nbsp;&nbsp;&nbsp; Philadelphian Sabanna Ivana, om. &amp; ohj. Fanni Snellman<br><strong>FI MVA<\/strong>&nbsp;&nbsp;&nbsp;&nbsp;&nbsp;&nbsp;&nbsp;&nbsp;&nbsp;&nbsp;&nbsp;&nbsp;&nbsp; Isrik Chantilly Lace, om. &amp; ohj. Arja Myllyl\u00e4<\/p>\n\n\n\n<p><strong>SM-joukkuepronssi<\/strong><br>Zofia vom Goldbergsee, om. &amp; ohj. Tina Ek-Liechti (henk.koht. sija 10)<br>Aufgeweckt Qilla, om. &amp; ohj. Saara Sirki\u00e4<br>Nomazwinger Taisto, om. &amp; ohj. Krista Ukkola<\/p>\n\n\n\n<p><strong>Rotumestaruuskilpailu<\/strong><br>RM j\u00e4lki Zofia vom Goldbergsee om. &amp; ohj. Tina Ek-Liechti<br>RM etsint\u00e4koe Dale Defender Obedient Observer om. &amp; ohj. Pirkko Kallinen&nbsp;&nbsp;&nbsp;&nbsp;&nbsp;&nbsp;&nbsp;&nbsp;&nbsp;&nbsp;&nbsp;&nbsp;&nbsp;&nbsp;&nbsp;&nbsp;&nbsp;&nbsp;&nbsp;&nbsp;&nbsp;&nbsp;&nbsp;&nbsp;&nbsp;<\/p>\n\n\n\n<p><strong>Piirinmestaruuskilpailu<\/strong><br>PM j\u00e4lki Nomazwinger Taisto om. &amp; ohj. Krista Ukkola<\/p>\n\n\n\n<hr class=\"wp-block-separator has-alpha-channel-opacity\"\/>\n\n\n\n<h2 class=\"wp-block-heading\"><strong>Vuoden 2023 parhaat koirat<\/strong><\/h2>\n\n\n\n<p><strong>Action-malja 2023<\/strong><br>Nomazwinger Taisto, Krista Ukkola<\/p>\n\n\n\n<p><strong>J\u00e4lki 3-luokka<br><\/strong>Nomazwinger Taisto, Krista Ukkola<\/p>\n\n\n\n<p><strong>J\u00e4lki 2-luokka<br><\/strong>Dale Defender Obedient Observer, Pirkko Kallinen<\/p>\n\n\n\n<p><strong>Haku 2-luokka<br><\/strong>Dale Defender Obedient Observer, Pirkko Kallinen<\/p>\n\n\n\n<p><strong>Haku 1-luokka<br><\/strong>Dale Defender Obliging Outlaw, Urpo Kallinen<\/p>\n\n\n\n<p><strong>Etsint\u00e4koe 3-luokka<br><\/strong>Zofia vom Goldbergsee, Tina Ek-Liechti<\/p>\n\n\n\n<p><strong>Etsint\u00e4koe 2-luokka<br><\/strong>Zofia vom Goldbergsee, Tina Ek-Liechti<\/p>\n\n\n\n<p><strong>Etsint\u00e4koe 1-luokka<a><br><\/a><\/strong>Zofia vom Goldbergsee, Tina Ek-Liechti<\/p>\n\n\n\n<p><strong>Nosework 2-luokka KEK<br><\/strong>Backriver\u2019s First Every Brown, Jonna Friman<\/p>\n\n\n\n<p><strong>Nosework 2-luokka sis\u00e4<br><\/strong>Backriver\u2019s First Every Brown, Jonna Friman<\/p>\n\n\n\n<p><strong>Nosework 1-luokka KEK<br><\/strong>Karlsvik Stargazer, Jonna Friman<\/p>\n\n\n\n<p><strong>Nosework 1-luokka sis\u00e4<br><\/strong>Talvihallan Electra, Merja Sepp\u00e4<\/p>\n\n\n\n<p><strong>Toko avoin luokka<br><\/strong>Zofia vom Goldbergsee, Tina Ek-Liechti<\/p>\n\n\n\n<p><strong>Toko alokasluokka<br><\/strong>Zofia vom Goldbergsee, Tina Ek-Liechti<\/p>\n\n\n\n<p><strong>Valionarvot<\/strong><br><strong>PAJ\u00c4 KVA<\/strong> Gloris Royal Lady, Anneli Alfthan<br><strong>PAJ\u00c4 KVA<\/strong> Zofia vom Goldbergsee, Tina Ek-Liechti<br><strong>FI MVA<\/strong> Barffas Xitruuna, Susanna Piibemann<br><strong>FI JVA<\/strong> Afire\u2019s Feather Your Own Nest, Henna ja Mette Kivenjuuri<\/p>\n\n\n\n<p><strong>Huomionosoitukset arvokilpailuun osallistumisesta<\/strong><\/p>\n\n\n\n<p><strong>Rotumestaruuskilpailu<\/strong><br>J\u00e4ljen Rotumestari Dale Defender Obliging Outlaw, Urpo Kallinen<br>Haun Rotumestari Dale Defender Obedient Observer, Pirkko Kallinen<br>J\u00e4ljen rotumestaruus, 2. sija Nomazwinger Taisto, Krista Ukkola<\/p>\n\n\n\n<p><strong>Piirinmestaruuskilpailu<\/strong><br>J\u00e4lki, 2. sija Nomazwinger Taisto, Krista Ukkola<\/p>\n\n\n\n<p><strong>FCI-BH diplomit<\/strong><\/p>\n\n\n\n<p>Ajavixen\u2019s Kind Of Magic, Tarja Piispa<br>Finnway\u2019s Kenzo, Johanna Lomakin<br>Qojotes Drop Dead Gorgeous, Anne St\u00e5hlberg<\/p>\n\n\n\n<hr class=\"wp-block-separator has-alpha-channel-opacity is-style-wide\"\/>\n\n\n\n<h2 class=\"wp-block-heading\"><strong>Vuoden 2022 parhaat koirat<\/strong><\/h2>\n\n\n\n<p><strong>Action-malja 2022<\/strong><br>ZOFIA VOM GOLDBERGSEE, Tina Ek-Liechti<\/p>\n\n\n\n<p><strong>Paras kolmosluokan j\u00e4lkikoira 2022<\/strong><br>ZOFIA VOM GOLDBERGSEE, Tina Ek-Liechti<\/p>\n\n\n\n<p><strong>Paras kakkosluokan j\u00e4lkikoira 2022<\/strong><br>AUFGEWECKT QILLA, Saara Sirki\u00e4<\/p>\n\n\n\n<p><strong>Paras ykk\u00f6sluokan j\u00e4lkikoira 2022<\/strong><br>AUFGEWECKT QILLA, Saara Sirki\u00e4<\/p>\n\n\n\n<p><strong>Paras AVO-luokan TOKO-koira 2022<\/strong><br>BADY OD LESKOUNSKEHO KOPCE, Tarja Piispa<\/p>\n\n\n\n<p><strong>Paras ALO-luokan TOKO-koira 2022<\/strong><br>ZOFIA VOM GOLDBERGSEE, Tina Ek-Liechti<\/p>\n\n\n\n<p><strong>Paras 2. luokan sis\u00e4etsint\u00e4 Nosework-koira 2022<\/strong><br>Taikatalven Hornet Growler, Marja Saarinen<\/p>\n\n\n\n<p><strong>Paras 1. luokan sis\u00e4etsint\u00e4 Nosework-koira 2022<\/strong><br>Borg\u00e5kers RealSpider from Mars, Majka Borgstr\u00f6m<\/p>\n\n\n\n<p><strong>Paras 1. luokan KEK Nosework-koira 2022<\/strong><br>TALVIHALLAN ELECTRA, Merja Sepp\u00e4<\/p>\n\n\n\n<p><strong>BH-kokeen suorittaneet 2022<\/strong><br>BOXLEE YUMA, Anu \u00c5berg<br>BORG\u00c5KERS REALSPIDER FROM MARS, Majka Borgstr\u00f6m<br>T\u00c4M\u00c4 ON KORU, Tuija Juvonen<\/p>\n\n\n\n<p><strong>FI MVA&nbsp;&nbsp;Suomen Muotovalio<\/strong><br>ROTTLIFE JOYRIDE, Johanna Lomakin<br>ROTTLIFE ILONA, Anu \u00c5berg<\/p>\n\n\n\n<p><strong>C.I.B&nbsp;<\/strong>&nbsp;Kansainv\u00e4linen muotovalio<br>AFIRE\u2019S FEATHER YOUR OWN NEST, Henna ja Mette Kivenjuuri<br>Borg\u00e5kers RealSpider from Mars, Majka Borgstr\u00f6m<\/p>\n\n\n\n<hr class=\"wp-block-separator has-alpha-channel-opacity is-style-wide\"\/>\n\n\n\n<h2 class=\"wp-block-heading\"><strong>Vuoden 2021 parhaat koirat<\/strong><\/h2>\n\n\n\n<p>Action-malja 2021<br>Tintenfass Wanderer Hv\u00b4s Dotter, Tina Ek-Liechti<\/p>\n\n\n\n<p><strong>Paras kakkosluokan j\u00e4lkikoira 2021<br><\/strong>Zofia vom Goldbergsee, Tina Ek-Liechti<\/p>\n\n\n\n<p><strong>Paras ykk\u00f6sluokan j\u00e4lkikoira 2021<br><\/strong>Quickbug Kuha Kiusaks, Krista Ukkola<\/p>\n\n\n\n<p><strong>Paras kolmosluokan EK-koira 2021<br><\/strong>Tintenfass Wanderer Hv\u00b4s Dotter, Tina Ek-Liechti<\/p>\n\n\n\n<p><strong>Paras kakkosluokan EK-koira 2021<br><\/strong>Tintenfass Wanderer Hv\u00b4s Dotter, Tina Ek-Liechti<\/p>\n\n\n\n<p><strong>Paras kakkosluokan erikoisj\u00e4lkikoira 2021<br><\/strong>Tintenfass Wanderer Hv\u00b4s Dotter, Tina Ek-Liechti<\/p>\n\n\n\n<p><strong>Paras ALO-luokan TOKO-koira 2021<br><\/strong>Supervisors Unforgiven, Heli Kuoppam\u00e4ki<\/p>\n\n\n\n<p><strong>Paras ykk\u00f6sluokan Nosework-koira 2021<br><\/strong>Taikatalven Hornet Growler, Marja Saarinen<\/p>\n\n\n\n<p><strong>Huomionosoitukset arvokilpailuun osallistumisesta<\/strong><\/p>\n\n\n\n<p><strong>MM IGP-FH 2021<br><\/strong>TINTENFASS WANDERER HV\u00b4S DOTTER, Tina Ek-Liechti<\/p>\n\n\n\n<p><strong>RM-Kellokisa 2021<br><\/strong>ROTTLIFE JOYRIDE, Johanna Lomakin<\/p>\n\n\n\n<p><strong>BH-kokeen suorittaneet 2021<\/strong><br>DALE DEFENDER OBEDIENT OBSERVER, Pirkko Kallinen<br>SUPERVISORS UNFORGIVEN, Heli Kuoppam\u00e4ki<br>HEILURIH\u00c4NN\u00c4N SOLAR ENERGY, Tiina Varjola<\/p>\n\n\n\n<hr class=\"wp-block-separator has-alpha-channel-opacity is-style-wide\"\/>\n\n\n\n<h2 class=\"wp-block-heading\"><strong>Vuoden 2020 parhaat koirat<\/strong><\/h2>\n\n\n\n<p><strong>Action-malja<\/strong> 2020<br>Suursnautseri, musta, narttu Tintenfass Wanderer HV\u00b4s Dotter, Tina Ek-Liechti<\/p>\n\n\n\n<p><strong>PARAS KOLMOSLUOKAN EK-KOIRA 2020<\/strong><br>Rottweiler, narttu Heizelwoood Koko, Asta K\u00e4h\u00f6<\/p>\n\n\n\n<p><strong>PARAS KAKKOSLUOKAN EK-KOIRA 2020<\/strong><br>Rottweiler, narttu Heizelwoood Koko, Asta K\u00e4h\u00f6<\/p>\n\n\n\n<p><strong>PARAS YKK\u00d6SLUOKAN EK-KOIRA 2020<\/strong><br>Suursnautseri, musta, narttu Tintenfass Wanderer HV\u00b4s Dotter, Tina Ek-Liechti<\/p>\n\n\n\n<p><strong>PARAS YKK\u00d6SLUOKAN HAKUKOIRA 2020<\/strong><br>Suursnautseri, musta, narttu Tintenfass Wanderer HV\u00b4s Dotter, Tina Ek-Liechti<\/p>\n\n\n\n<p><strong>PARAS KOLMOSLUOKAN J\u00c4LKIKOIRA 2020<\/strong><br>Rottweiler, uros Finnways Egon, Johanna Lomakin<\/p>\n\n\n\n<p><strong>PARAS KAKKOSLUOKAN J\u00c4LKIKOIRA 2020<\/strong><br>Saksanpaimenkoira, uros Karkmodorf Konrad om. Mika Sirki\u00e4, ohj. Saara Sirki\u00e4<\/p>\n\n\n\n<p><strong>PARAS YKK\u00d6SLUOKAN J\u00c4LKIKOIRA 2020<\/strong><br>Rottweiler, narttu Rottlife Joyride, Johanna Lomakin<\/p>\n\n\n\n<p><strong>PARAS ERIKOISJ\u00c4LKI 2 IFH2 KOIRA 2020<\/strong><br>Suursnautseri, musta, narttu Tintenfass Wanderer HV\u00b4s Dotter, Tina Ek-Liechti<\/p>\n\n\n\n<p><strong>PARAS AVOIMENLUOKAN TOKOKOIRA 2020<\/strong><br>Rottweiler, uros Finnways Egon, Johanna Lomakin<\/p>\n\n\n\n<p><strong>FI KVA-PKJ<\/strong> K\u00e4ytt\u00f6valio palveluskoirien j\u00e4lkikoe<br>Suursnautseri, musta, narttu Tintenfass Wanderer HV\u00b4s Dotter, Tina Ek-Liechti<\/p>\n\n\n\n<p><strong>FI KVA-IFH<\/strong> K\u00e4ytt\u00f6valio palveluskoirien erikoisj\u00e4lkikoe<br>Suursnautseri, musta, narttu Tintenfass Wanderer HV\u00b4s Dotter, Tina Ek-Liechti<\/p>\n\n\n\n<p><strong>C.I.B <\/strong>kansainv\u00e4linen muotovalio<br>Hovawart, narttu Skywatch\u00b4s Piece of My Heart, Tuula Sorakari<\/p>\n\n\n\n<p><strong>FI MVA<\/strong> Suomen Muotovalio<br>Hovawart, narttu Skywatch\u00b4s Piece of My Heart, Tuula Sorakari<\/p>\n\n\n\n<hr class=\"wp-block-separator has-alpha-channel-opacity\"\/>\n\n\n\n<figure class=\"wp-block-image size-large\"><a href=\"http:\/\/www.actionry.fi\/wp-content\/uploads\/2024\/06\/tukijat2024b.png\"><img loading=\"lazy\" decoding=\"async\" width=\"1024\" height=\"158\" src=\"http:\/\/www.actionry.fi\/wp-content\/uploads\/2024\/06\/tukijat2024b-1024x158.png\" alt=\"\" class=\"wp-image-742\" srcset=\"http:\/\/www.actionry.fi\/wp-content\/uploads\/2024\/06\/tukijat2024b-1024x158.png 1024w, http:\/\/www.actionry.fi\/wp-content\/uploads\/2024\/06\/tukijat2024b-300x46.png 300w, http:\/\/www.actionry.fi\/wp-content\/uploads\/2024\/06\/tukijat2024b-768x118.png 768w, http:\/\/www.actionry.fi\/wp-content\/uploads\/2024\/06\/tukijat2024b-800x123.png 800w, http:\/\/www.actionry.fi\/wp-content\/uploads\/2024\/06\/tukijat2024b.png 1300w\" sizes=\"(max-width: 1024px) 100vw, 1024px\" \/><\/a><\/figure>\n","protected":false},"excerpt":{"rendered":"<p>Vuoden 2025 parhaat koirat Action-maljaZofia vom Goldbergsee om. &amp; ohj. Tina Ek-Liechti J\u00e4lki 3-luokkaQuickbug Kuha Kiusaks M192 T90 YHT. 282, om. &amp; ohj. Krista Ukkola J\u00e4lki 2-luokkaTintenfass L\u2019\u00e4tty M182 T92 YHT. 274, om. Anu Purola, ohj. Tina Ek-Liechti J\u00e4lki 1-luokkaHeilurih\u00e4nn\u00e4n Solar Energy M181 T76 YHT. 257, om. &amp; ohj. Tiina Varjola Etsint\u00e4koe 3-luokkaIt Is Caff\u00e9&hellip;<\/p>\n","protected":false},"author":1,"featured_media":0,"parent":0,"menu_order":0,"comment_status":"closed","ping_status":"closed","template":"","meta":{"footnotes":""},"_links":{"self":[{"href":"http:\/\/www.actionry.fi\/index.php?rest_route=\/wp\/v2\/pages\/413"}],"collection":[{"href":"http:\/\/www.actionry.fi\/index.php?rest_route=\/wp\/v2\/pages"}],"about":[{"href":"http:\/\/www.actionry.fi\/index.php?rest_route=\/wp\/v2\/types\/page"}],"author":[{"embeddable":true,"href":"http:\/\/www.actionry.fi\/index.php?rest_route=\/wp\/v2\/users\/1"}],"replies":[{"embeddable":true,"href":"http:\/\/www.actionry.fi\/index.php?rest_route=%2Fwp%2Fv2%2Fcomments&post=413"}],"version-history":[{"count":18,"href":"http:\/\/www.actionry.fi\/index.php?rest_route=\/wp\/v2\/pages\/413\/revisions"}],"predecessor-version":[{"id":929,"href":"http:\/\/www.actionry.fi\/index.php?rest_route=\/wp\/v2\/pages\/413\/revisions\/929"}],"wp:attachment":[{"href":"http:\/\/www.actionry.fi\/index.php?rest_route=%2Fwp%2Fv2%2Fmedia&parent=413"}],"curies":[{"name":"wp","href":"https:\/\/api.w.org\/{rel}","templated":true}]}}