{"id":25,"date":"2018-06-10T21:51:43","date_gmt":"2018-06-10T21:51:43","guid":{"rendered":"http:\/\/www.actionry.fi\/?page_id=25"},"modified":"2024-06-14T10:36:43","modified_gmt":"2024-06-14T07:36:43","slug":"jaseninfo","status":"publish","type":"page","link":"http:\/\/www.actionry.fi\/?page_id=25","title":{"rendered":"J\u00e4seninfo"},"content":{"rendered":"<p><strong>J\u00e4seneksi?<\/strong><\/p>\n<p>Mik\u00e4li olet kiinnostunut Action ry:n j\u00e4senyydest\u00e4, t\u00e4yt\u00e4 ja l\u00e4het\u00e4 j\u00e4senhakemus <a href=\"https:\/\/forms.gle\/dm6ia5tkhUw8q5wn7\">t\u00e4\u00e4ll\u00e4<\/a>.<br>Hakemukseen pyydet\u00e4\u00e4n my\u00f6s yhden suosittelijan nimi. T\u00e4m\u00e4n henkil\u00f6n tulee olla Action ry:n j\u00e4sen.<\/p>\n<p>Action ry:n hallituksen p\u00e4\u00e4t\u00f6ksell\u00e4:<br>Saadakseen koepaikan j\u00e4senen tulee osallistua talkoisiin pk-kokeissa v\u00e4hint\u00e4\u00e4n kaksi kertaa ja nosework-kokeissa v\u00e4hint\u00e4\u00e4n kerran.&nbsp;<img decoding=\"async\" class=\"emoji\" role=\"img\" draggable=\"false\" src=\"https:\/\/s.w.org\/images\/core\/emoji\/14.0.0\/svg\/1f43e.svg\" alt=\"\ud83d\udc3e\"> N\u00e4in varmistetaan kaikkien tasapuolinen mahdollisuus osallistua kokeisiin.<\/p>\n<p>Action ry tukee aktiiviharrastajia kouluttautumisessa ja kurssimaksuissa. Tukea my\u00f6nnet\u00e4\u00e4n harkinnan perusteella, ja se edellytt\u00e4\u00e4 saadun opin jakamista sek\u00e4 sitoutumista yhdistyksen toimintaan.<\/p>\n<p>My\u00f6s arvokisoissa yhdistyst\u00e4 edustavia koirakoita tuetaan.<\/p>\n<p>J\u00e4senmaksu on 20 \u20ac + liittymismaksu 10 \u20ac (ensimm\u00e4isen\u00e4 vuonna).<\/p>\n<p>Action-tilinumero on FI44 5200 1020 036591<br>J\u00e4seneksi haluava, \u00e4l\u00e4 maksa j\u00e4senmaksua, ennen kuin saat j\u00e4senasioiden hoitajalta<br>t\u00e4ydelliset maksutiedot hallituksen k\u00e4sitelty\u00e4 j\u00e4senanomuksesi.<\/p>\n<p><strong>J<span style=\"color: #000000;\">\u00e4senasioiden hoitaja<\/span><\/strong><br><span style=\"color: #000000;\">Marja Saarinen <a style=\"color: #000000;\" href=\"mailto:actionjasenasiat@gmail.com\">actionjasenasiat@gmail.com<\/a><\/span><\/p>\n<p><span style=\"color: #000000;\"><a style=\"color: #000000;\" href=\"http:\/\/www.actionry.fi\/wp-content\/uploads\/2018\/06\/Action-ry-s\u00e4\u00e4nn\u00f6t.pdf\"><strong>Action ry s\u00e4\u00e4nn\u00f6t<\/strong><\/a><\/span><\/p>\n<p><a href=\"http:\/\/www.actionry.fi\/wp-content\/uploads\/2021\/02\/Action_Tietosuojaseloste_2021.pdf\"><strong><span style=\"color: #993300;\"><span style=\"color: #000000;\">Action Tietosuojaseloste<\/span><\/span><\/strong><\/a><\/p>\n\n\n<hr class=\"wp-block-separator has-alpha-channel-opacity\"\/>\n\n\n\n<figure class=\"wp-block-image size-large\"><a href=\"http:\/\/www.actionry.fi\/wp-content\/uploads\/2024\/06\/tukijat2024b.png\"><img loading=\"lazy\" decoding=\"async\" width=\"1024\" height=\"158\" src=\"http:\/\/www.actionry.fi\/wp-content\/uploads\/2024\/06\/tukijat2024b-1024x158.png\" alt=\"\" class=\"wp-image-742\" srcset=\"http:\/\/www.actionry.fi\/wp-content\/uploads\/2024\/06\/tukijat2024b-1024x158.png 1024w, http:\/\/www.actionry.fi\/wp-content\/uploads\/2024\/06\/tukijat2024b-300x46.png 300w, http:\/\/www.actionry.fi\/wp-content\/uploads\/2024\/06\/tukijat2024b-768x118.png 768w, http:\/\/www.actionry.fi\/wp-content\/uploads\/2024\/06\/tukijat2024b-800x123.png 800w, http:\/\/www.actionry.fi\/wp-content\/uploads\/2024\/06\/tukijat2024b.png 1300w\" sizes=\"(max-width: 1024px) 100vw, 1024px\" \/><\/a><\/figure>\n","protected":false},"excerpt":{"rendered":"<p>J\u00e4seneksi? Mik\u00e4li olet kiinnostunut Action ry:n j\u00e4senyydest\u00e4, t\u00e4yt\u00e4 ja l\u00e4het\u00e4 j\u00e4senhakemus t\u00e4\u00e4ll\u00e4.Hakemukseen pyydet\u00e4\u00e4n my\u00f6s yhden suosittelijan nimi. T\u00e4m\u00e4n henkil\u00f6n tulee olla Action ry:n j\u00e4sen. Action ry:n hallituksen p\u00e4\u00e4t\u00f6ksell\u00e4:Saadakseen koepaikan j\u00e4senen tulee osallistua talkoisiin pk-kokeissa v\u00e4hint\u00e4\u00e4n kaksi kertaa ja nosework-kokeissa v\u00e4hint\u00e4\u00e4n kerran.&nbsp; N\u00e4in varmistetaan kaikkien tasapuolinen mahdollisuus osallistua kokeisiin. Action ry tukee aktiiviharrastajia kouluttautumisessa ja kurssimaksuissa.&hellip;<\/p>\n","protected":false},"author":1,"featured_media":0,"parent":0,"menu_order":0,"comment_status":"closed","ping_status":"closed","template":"","meta":{"footnotes":""},"_links":{"self":[{"href":"http:\/\/www.actionry.fi\/index.php?rest_route=\/wp\/v2\/pages\/25"}],"collection":[{"href":"http:\/\/www.actionry.fi\/index.php?rest_route=\/wp\/v2\/pages"}],"about":[{"href":"http:\/\/www.actionry.fi\/index.php?rest_route=\/wp\/v2\/types\/page"}],"author":[{"embeddable":true,"href":"http:\/\/www.actionry.fi\/index.php?rest_route=\/wp\/v2\/users\/1"}],"replies":[{"embeddable":true,"href":"http:\/\/www.actionry.fi\/index.php?rest_route=%2Fwp%2Fv2%2Fcomments&post=25"}],"version-history":[{"count":31,"href":"http:\/\/www.actionry.fi\/index.php?rest_route=\/wp\/v2\/pages\/25\/revisions"}],"predecessor-version":[{"id":746,"href":"http:\/\/www.actionry.fi\/index.php?rest_route=\/wp\/v2\/pages\/25\/revisions\/746"}],"wp:attachment":[{"href":"http:\/\/www.actionry.fi\/index.php?rest_route=%2Fwp%2Fv2%2Fmedia&parent=25"}],"curies":[{"name":"wp","href":"https:\/\/api.w.org\/{rel}","templated":true}]}}