{"id":22,"date":"2018-06-10T21:51:43","date_gmt":"2018-06-10T18:51:43","guid":{"rendered":"http:\/\/www.actionry.fi\/?page_id=22"},"modified":"2025-10-05T12:54:54","modified_gmt":"2025-10-05T09:54:54","slug":"koetulokset","status":"publish","type":"page","link":"http:\/\/www.actionry.fi\/?page_id=22","title":{"rendered":"Koetulokset"},"content":{"rendered":"\n<p><strong>FCI-PAEJ 30.9.2025 Loviisa<\/strong><\/p>\n\n\n\n<p>Saksanpaimenkoira n Force Tenebris Bohemia ohj. Tanja Kaikkonen 98 p. FCI-IFH1<br>Saksanpaimenkoira n Vom Wolfsmoor Kaija ohj. Raija Hilpe\u00e4 95 p. FCI-IFH1<br>Suursnautseri musta n Arrant Kitty Kitt-Katt ohj. Tina Markusas 78 p. FCI-IFH1<br>Saksanpaimenkoira u Aufgeweckt Wicko ohj. Jarmo Toivanen 78 p. FCI-IFH1<\/p>\n\n\n\n<hr class=\"wp-block-separator has-alpha-channel-opacity\"\/>\n\n\n\n<p><strong>NW YEKS1 30.9.2025 Inkeroinen<\/strong><\/p>\n\n\n\n<figure class=\"wp-block-image size-full\"><a href=\"https:\/\/www.actionry.fi\/wp-content\/uploads\/2025\/10\/300925yeks1.jpg\"><img loading=\"lazy\" decoding=\"async\" width=\"954\" height=\"383\" src=\"https:\/\/www.actionry.fi\/wp-content\/uploads\/2025\/10\/300925yeks1.jpg\" alt=\"\" class=\"wp-image-913\" srcset=\"http:\/\/www.actionry.fi\/wp-content\/uploads\/2025\/10\/300925yeks1.jpg 954w, http:\/\/www.actionry.fi\/wp-content\/uploads\/2025\/10\/300925yeks1-300x120.jpg 300w, http:\/\/www.actionry.fi\/wp-content\/uploads\/2025\/10\/300925yeks1-768x308.jpg 768w, http:\/\/www.actionry.fi\/wp-content\/uploads\/2025\/10\/300925yeks1-800x321.jpg 800w\" sizes=\"(max-width: 954px) 100vw, 954px\" \/><\/a><\/figure>\n\n\n\n<hr class=\"wp-block-separator has-alpha-channel-opacity\"\/>\n\n\n\n<p><strong>PAJ\u00c41-3A 10.8.2025 Muhniemi<\/strong><\/p>\n\n\n\n<p><strong>PAJ\u00c43A<\/strong><br>Sile\u00e4karvainen noutaja u Biehkan Huihai ohj. Martina Westman M 193 T 79 yht. 272 JK3<br>Beaucenpaimenkoira u Dale Defender Obedient Observer ohj. Pirkko Kallinen M 163 T 64 yht. 227<\/p>\n\n\n\n<p><strong>PAJ\u00c42A<\/strong><br>Suursnautseri musta n Tintenfass Helga PT&#8217;s dotter ohj. Pirkko Pihlainen M 130 T 84 yht. 214<\/p>\n\n\n\n<p><strong>PAJ\u00c41A<\/strong><br>Rottweiler n Ukko-Pekan Ivalon Iines ohj. Juhani Ristola M 192 T 79 yht. 271 JK1<\/p>\n\n\n\n<hr class=\"wp-block-separator has-alpha-channel-opacity\"\/>\n\n\n\n<p><strong>NW KEK1 26.7.2025 Tirva<\/strong><\/p>\n\n\n\n<figure class=\"wp-block-image size-full\"><a href=\"https:\/\/www.actionry.fi\/wp-content\/uploads\/2025\/07\/yhteistulokset-1.jpg\"><img loading=\"lazy\" decoding=\"async\" width=\"852\" height=\"386\" src=\"https:\/\/www.actionry.fi\/wp-content\/uploads\/2025\/07\/yhteistulokset-1.jpg\" alt=\"\" class=\"wp-image-903\" srcset=\"http:\/\/www.actionry.fi\/wp-content\/uploads\/2025\/07\/yhteistulokset-1.jpg 852w, http:\/\/www.actionry.fi\/wp-content\/uploads\/2025\/07\/yhteistulokset-1-300x136.jpg 300w, http:\/\/www.actionry.fi\/wp-content\/uploads\/2025\/07\/yhteistulokset-1-768x348.jpg 768w, http:\/\/www.actionry.fi\/wp-content\/uploads\/2025\/07\/yhteistulokset-1-800x362.jpg 800w\" sizes=\"(max-width: 852px) 100vw, 852px\" \/><\/a><\/figure>\n\n\n\n<hr class=\"wp-block-separator has-alpha-channel-opacity\"\/>\n\n\n\n<p><strong>NW YEKL1 17.7.2025<\/strong> <strong>Elim\u00e4ki<\/strong><\/p>\n\n\n\n<figure class=\"wp-block-image size-full\"><a href=\"https:\/\/www.actionry.fi\/wp-content\/uploads\/2025\/07\/yhteistulokset.jpg\"><img loading=\"lazy\" decoding=\"async\" width=\"962\" height=\"440\" src=\"https:\/\/www.actionry.fi\/wp-content\/uploads\/2025\/07\/yhteistulokset.jpg\" alt=\"\" class=\"wp-image-898\" srcset=\"http:\/\/www.actionry.fi\/wp-content\/uploads\/2025\/07\/yhteistulokset.jpg 962w, http:\/\/www.actionry.fi\/wp-content\/uploads\/2025\/07\/yhteistulokset-300x137.jpg 300w, http:\/\/www.actionry.fi\/wp-content\/uploads\/2025\/07\/yhteistulokset-768x351.jpg 768w, http:\/\/www.actionry.fi\/wp-content\/uploads\/2025\/07\/yhteistulokset-800x366.jpg 800w\" sizes=\"(max-width: 962px) 100vw, 962px\" \/><\/a><\/figure>\n\n\n\n<hr class=\"wp-block-separator has-alpha-channel-opacity\"\/>\n\n\n\n<p><strong>PAJ\u00c4 1A, 2A ja 3A 13.7.2025 Muhniemi<\/strong><\/p>\n\n\n\n<p><strong>PAJ\u00c43A<\/strong><br>Hollanninpaimenkoira u Kare-Saran Fenris ohj. Satu Juurikka M 21 T &#8211; yht. 21 Ohjaaja luopui<\/p>\n\n\n\n<p><strong>PAJ\u00c42A<\/strong><br>Labradorinnoutaja n Tintenfass L&#8217;\u00e4tty ohj. Tina Ek-Liechti M 182 T 92 yht. 274 JK2<br>Labradorinnoutaja u Loiskis Fender ohj. Fiia Helesuo M 176 T 86 yht. 262 JK2<\/p>\n\n\n\n<p><strong>PAJ\u00c41A<\/strong><br>Sile\u00e4karvainen noutaja u Heilurih\u00e4nn\u00e4n Solar Energy ohj. Tiina Varjola M 181 T 76 yht. 257 JK1<br>Saksanpaimenkoira n Fiona Van Het Chainpark ohj. Tuula Sahiluoto M 163 T 91 yht. 254 JK1<br>Beaucenpaimenkoira n Dale Defender Lively Levin ohj. Anne Laurila M 160 t &#8211; yht. 160 Ohjaaja luopui<\/p>\n\n\n\n<hr class=\"wp-block-separator has-alpha-channel-opacity\"\/>\n\n\n\n<p><strong>NW YEKU1 9.7.2025<\/strong><\/p>\n\n\n\n<figure class=\"wp-block-image size-full\"><a href=\"https:\/\/www.actionry.fi\/wp-content\/uploads\/2025\/07\/Tuloskuva.jpg\"><img loading=\"lazy\" decoding=\"async\" width=\"830\" height=\"219\" src=\"https:\/\/www.actionry.fi\/wp-content\/uploads\/2025\/07\/Tuloskuva.jpg\" alt=\"\" class=\"wp-image-891\" srcset=\"http:\/\/www.actionry.fi\/wp-content\/uploads\/2025\/07\/Tuloskuva.jpg 830w, http:\/\/www.actionry.fi\/wp-content\/uploads\/2025\/07\/Tuloskuva-300x79.jpg 300w, http:\/\/www.actionry.fi\/wp-content\/uploads\/2025\/07\/Tuloskuva-768x203.jpg 768w, http:\/\/www.actionry.fi\/wp-content\/uploads\/2025\/07\/Tuloskuva-800x211.jpg 800w\" sizes=\"(max-width: 830px) 100vw, 830px\" \/><\/a><\/figure>\n\n\n\n<hr class=\"wp-block-separator has-alpha-channel-opacity\"\/>\n\n\n\n<p><strong>NW YEKS2 2.7.2025<\/strong><\/p>\n\n\n\n<figure class=\"wp-block-image size-full is-resized\"><a href=\"https:\/\/www.actionry.fi\/wp-content\/uploads\/2025\/07\/020725.jpg\"><img loading=\"lazy\" decoding=\"async\" width=\"978\" height=\"391\" src=\"https:\/\/www.actionry.fi\/wp-content\/uploads\/2025\/07\/020725.jpg\" alt=\"\" class=\"wp-image-886\" style=\"width:870px;height:auto\" srcset=\"http:\/\/www.actionry.fi\/wp-content\/uploads\/2025\/07\/020725.jpg 978w, http:\/\/www.actionry.fi\/wp-content\/uploads\/2025\/07\/020725-300x120.jpg 300w, http:\/\/www.actionry.fi\/wp-content\/uploads\/2025\/07\/020725-768x307.jpg 768w, http:\/\/www.actionry.fi\/wp-content\/uploads\/2025\/07\/020725-800x320.jpg 800w\" sizes=\"(max-width: 978px) 100vw, 978px\" \/><\/a><\/figure>\n\n\n\n<hr class=\"wp-block-separator has-alpha-channel-opacity\"\/>\n\n\n\n<p><strong>NW KEK1 28.6.2025<\/strong><\/p>\n\n\n\n<figure class=\"wp-block-image size-large is-resized\"><a href=\"https:\/\/www.actionry.fi\/wp-content\/uploads\/2025\/06\/Kokonaistulokset-1.jpg\"><img loading=\"lazy\" decoding=\"async\" width=\"1024\" height=\"528\" src=\"https:\/\/www.actionry.fi\/wp-content\/uploads\/2025\/06\/Kokonaistulokset-1-1024x528.jpg\" alt=\"\" class=\"wp-image-884\" style=\"width:867px;height:auto\" srcset=\"http:\/\/www.actionry.fi\/wp-content\/uploads\/2025\/06\/Kokonaistulokset-1-1024x528.jpg 1024w, http:\/\/www.actionry.fi\/wp-content\/uploads\/2025\/06\/Kokonaistulokset-1-300x155.jpg 300w, http:\/\/www.actionry.fi\/wp-content\/uploads\/2025\/06\/Kokonaistulokset-1-768x396.jpg 768w, http:\/\/www.actionry.fi\/wp-content\/uploads\/2025\/06\/Kokonaistulokset-1-800x412.jpg 800w, http:\/\/www.actionry.fi\/wp-content\/uploads\/2025\/06\/Kokonaistulokset-1.jpg 1036w\" sizes=\"(max-width: 1024px) 100vw, 1024px\" \/><\/a><\/figure>\n\n\n\n<hr class=\"wp-block-separator has-alpha-channel-opacity\"\/>\n\n\n\n<p><strong>PAJ\u00c4 1A, 2A ja 3A 17.6.2025 Muhniemi<\/strong><\/p>\n\n\n\n<p><strong>PAJ\u00c43A<\/strong><br>Saksanpaimenkoira QUICKBUG KUHA KIUSAKS ohj. Krista Ukkola M 192 T 90 yht. 282 JK3A<br>Saksanpaimenkoira SUHTEELLISEN HULDA ohj. Jaana Tuukkanen M 167 T 87 yht. 254 JK3A<\/p>\n\n\n\n<p><strong>PAJ\u00c42A<\/strong><br>Saksanpaimenkoira WEBEKHET&#8217;S HANNAH ABBOT ohj. Mari Iisalo M 198 T 76 yht. 274 JK2A<br>Suursnautseri m TINTENFASS HELGA PT&#8217;S DOTTER ohj. Pirkko Pihlainen M 192 T 66 yht. 258<br>Suursnautseri m TINTENFASS CHEROKEE ohj. Mika Nuojua M 128 T 83 yht. 211<\/p>\n\n\n\n<p><strong>PAJ\u00c41A<\/strong><br>Saksanpaimenkoira  KYT\u00d6KOSKEN ANNA MUN KAIKKI KEST\u00c4\u00c4 ohj. Peppi Hopsu M 0 T 64 ohj. luopui<\/p>\n\n\n\n<hr class=\"wp-block-separator has-alpha-channel-opacity\"\/>\n\n\n\n<p><strong>PAJ\u00c4 1A ja 2A 18.5.2025 Muhniemi<\/strong><\/p>\n\n\n\n<p><strong>PAJ\u00c4 2A<\/strong><br>Briardi O\u2019LYDIA ESTRID ohj. Virve Kivel\u00e4 M 188, T84 yht. 272 JK2A<br>Pk collie DANTOS \u00c5MELIA ohj. Barbro Henriksson M176, T74 yht. 250 JK2A<\/p>\n\n\n\n<p><strong>PAJ\u00c41A<\/strong><br>Sile\u00e4k noutaja BIEHKAN HUIHAI ohj. Martina Westman M198, T94 yht. 292 JK1A<br>Suursnautseri m UNIX VON ELBERFELD ohj. Anu Purola M194, T86 yht. 280 JK1A<br>Hovawart KLEION GERAS ohj. Puholainen Anna-Emilia M182, T87 yht. 269 JK1A<\/p>\n\n\n\n<hr class=\"wp-block-separator has-alpha-channel-opacity\"\/>\n\n\n\n<p><strong>NW YEKL-2 21.4.2025<\/strong><\/p>\n\n\n\n<figure class=\"wp-block-image size-full\"><a href=\"https:\/\/www.actionry.fi\/wp-content\/uploads\/2025\/04\/YEKL2_210425.jpg\"><img loading=\"lazy\" decoding=\"async\" width=\"827\" height=\"559\" src=\"https:\/\/www.actionry.fi\/wp-content\/uploads\/2025\/04\/YEKL2_210425.jpg\" alt=\"\" class=\"wp-image-872\" srcset=\"http:\/\/www.actionry.fi\/wp-content\/uploads\/2025\/04\/YEKL2_210425.jpg 827w, http:\/\/www.actionry.fi\/wp-content\/uploads\/2025\/04\/YEKL2_210425-300x203.jpg 300w, http:\/\/www.actionry.fi\/wp-content\/uploads\/2025\/04\/YEKL2_210425-768x519.jpg 768w, http:\/\/www.actionry.fi\/wp-content\/uploads\/2025\/04\/YEKL2_210425-800x541.jpg 800w\" sizes=\"(max-width: 827px) 100vw, 827px\" \/><\/a><\/figure>\n\n\n\n<hr class=\"wp-block-separator has-alpha-channel-opacity\"\/>\n\n\n\n<p><strong>NW YEKS-2 20.4.2025<\/strong><\/p>\n\n\n\n<figure class=\"wp-block-image size-full\"><a href=\"https:\/\/www.actionry.fi\/wp-content\/uploads\/2025\/04\/YEKS2_200425.jpg\"><img loading=\"lazy\" decoding=\"async\" width=\"817\" height=\"406\" src=\"https:\/\/www.actionry.fi\/wp-content\/uploads\/2025\/04\/YEKS2_200425.jpg\" alt=\"\" class=\"wp-image-870\" srcset=\"http:\/\/www.actionry.fi\/wp-content\/uploads\/2025\/04\/YEKS2_200425.jpg 817w, http:\/\/www.actionry.fi\/wp-content\/uploads\/2025\/04\/YEKS2_200425-300x149.jpg 300w, http:\/\/www.actionry.fi\/wp-content\/uploads\/2025\/04\/YEKS2_200425-768x382.jpg 768w, http:\/\/www.actionry.fi\/wp-content\/uploads\/2025\/04\/YEKS2_200425-800x398.jpg 800w\" sizes=\"(max-width: 817px) 100vw, 817px\" \/><\/a><\/figure>\n\n\n\n<hr class=\"wp-block-separator has-alpha-channel-opacity\"\/>\n\n\n\n<p><strong>NW YEKL-1 23.3.2025<\/strong><\/p>\n\n\n\n<figure class=\"wp-block-image size-full\"><a href=\"https:\/\/www.actionry.fi\/wp-content\/uploads\/2025\/03\/yhteispisteet230325yek1l.jpg\"><img loading=\"lazy\" decoding=\"async\" width=\"834\" height=\"609\" src=\"https:\/\/www.actionry.fi\/wp-content\/uploads\/2025\/03\/yhteispisteet230325yek1l.jpg\" alt=\"\" class=\"wp-image-864\" srcset=\"http:\/\/www.actionry.fi\/wp-content\/uploads\/2025\/03\/yhteispisteet230325yek1l.jpg 834w, http:\/\/www.actionry.fi\/wp-content\/uploads\/2025\/03\/yhteispisteet230325yek1l-300x219.jpg 300w, http:\/\/www.actionry.fi\/wp-content\/uploads\/2025\/03\/yhteispisteet230325yek1l-768x561.jpg 768w, http:\/\/www.actionry.fi\/wp-content\/uploads\/2025\/03\/yhteispisteet230325yek1l-800x584.jpg 800w\" sizes=\"(max-width: 834px) 100vw, 834px\" \/><\/a><\/figure>\n\n\n\n<hr class=\"wp-block-separator has-alpha-channel-opacity\"\/>\n\n\n\n<p><strong>NW YEKS-1 22.3.2025<\/strong><\/p>\n\n\n\n<figure class=\"wp-block-image size-full\"><a href=\"https:\/\/www.actionry.fi\/wp-content\/uploads\/2025\/03\/yhteispisteet220325yek1s.jpg\"><img loading=\"lazy\" decoding=\"async\" width=\"830\" height=\"605\" src=\"https:\/\/www.actionry.fi\/wp-content\/uploads\/2025\/03\/yhteispisteet220325yek1s.jpg\" alt=\"\" class=\"wp-image-863\" srcset=\"http:\/\/www.actionry.fi\/wp-content\/uploads\/2025\/03\/yhteispisteet220325yek1s.jpg 830w, http:\/\/www.actionry.fi\/wp-content\/uploads\/2025\/03\/yhteispisteet220325yek1s-300x219.jpg 300w, http:\/\/www.actionry.fi\/wp-content\/uploads\/2025\/03\/yhteispisteet220325yek1s-768x560.jpg 768w, http:\/\/www.actionry.fi\/wp-content\/uploads\/2025\/03\/yhteispisteet220325yek1s-800x583.jpg 800w\" sizes=\"(max-width: 830px) 100vw, 830px\" \/><\/a><\/figure>\n\n\n\n<hr class=\"wp-block-separator has-alpha-channel-opacity\"\/>\n\n\n\n<p><strong>NW YEKS-1 19.1.2025<\/strong><\/p>\n\n\n\n<figure class=\"wp-block-image size-full\"><a href=\"https:\/\/www.actionry.fi\/wp-content\/uploads\/2025\/01\/YEKS-1-190125-Kouvolan-ravirata.jpeg\"><img loading=\"lazy\" decoding=\"async\" width=\"653\" height=\"749\" src=\"https:\/\/www.actionry.fi\/wp-content\/uploads\/2025\/01\/YEKS-1-190125-Kouvolan-ravirata.jpeg\" alt=\"\" class=\"wp-image-830\" srcset=\"http:\/\/www.actionry.fi\/wp-content\/uploads\/2025\/01\/YEKS-1-190125-Kouvolan-ravirata.jpeg 653w, http:\/\/www.actionry.fi\/wp-content\/uploads\/2025\/01\/YEKS-1-190125-Kouvolan-ravirata-262x300.jpeg 262w\" sizes=\"(max-width: 653px) 100vw, 653px\" \/><\/a><\/figure>\n\n\n\n<hr class=\"wp-block-separator has-alpha-channel-opacity\"\/>\n\n\n\n<p><strong>NW YEKS-2 18.1.2025 Kouvola<\/strong><\/p>\n\n\n\n<figure class=\"wp-block-image size-full\"><a href=\"https:\/\/www.actionry.fi\/wp-content\/uploads\/2025\/01\/Yhteistulokset.png\"><img loading=\"lazy\" decoding=\"async\" width=\"732\" height=\"350\" src=\"https:\/\/www.actionry.fi\/wp-content\/uploads\/2025\/01\/Yhteistulokset.png\" alt=\"\" class=\"wp-image-822\" srcset=\"http:\/\/www.actionry.fi\/wp-content\/uploads\/2025\/01\/Yhteistulokset.png 732w, http:\/\/www.actionry.fi\/wp-content\/uploads\/2025\/01\/Yhteistulokset-300x143.png 300w\" sizes=\"(max-width: 732px) 100vw, 732px\" \/><\/a><\/figure>\n\n\n\n<hr class=\"wp-block-separator has-alpha-channel-opacity\"\/>\n\n\n\n<figure class=\"wp-block-image size-large\"><a href=\"http:\/\/www.actionry.fi\/wp-content\/uploads\/2024\/06\/tukijat2024b.png\"><img loading=\"lazy\" decoding=\"async\" width=\"1024\" height=\"158\" src=\"http:\/\/www.actionry.fi\/wp-content\/uploads\/2024\/06\/tukijat2024b-1024x158.png\" alt=\"\" class=\"wp-image-742\" srcset=\"http:\/\/www.actionry.fi\/wp-content\/uploads\/2024\/06\/tukijat2024b-1024x158.png 1024w, http:\/\/www.actionry.fi\/wp-content\/uploads\/2024\/06\/tukijat2024b-300x46.png 300w, http:\/\/www.actionry.fi\/wp-content\/uploads\/2024\/06\/tukijat2024b-768x118.png 768w, http:\/\/www.actionry.fi\/wp-content\/uploads\/2024\/06\/tukijat2024b-800x123.png 800w, http:\/\/www.actionry.fi\/wp-content\/uploads\/2024\/06\/tukijat2024b.png 1300w\" sizes=\"(max-width: 1024px) 100vw, 1024px\" \/><\/a><\/figure>\n","protected":false},"excerpt":{"rendered":"<p>FCI-PAEJ 30.9.2025 Loviisa Saksanpaimenkoira n Force Tenebris Bohemia ohj. Tanja Kaikkonen 98 p. FCI-IFH1Saksanpaimenkoira n Vom Wolfsmoor Kaija ohj. Raija Hilpe\u00e4 95 p. FCI-IFH1Suursnautseri musta n Arrant Kitty Kitt-Katt ohj. Tina Markusas 78 p. FCI-IFH1Saksanpaimenkoira u Aufgeweckt Wicko ohj. Jarmo Toivanen 78 p. FCI-IFH1 NW YEKS1 30.9.2025 Inkeroinen PAJ\u00c41-3A 10.8.2025 Muhniemi PAJ\u00c43ASile\u00e4karvainen noutaja u Biehkan&hellip;<\/p>\n","protected":false},"author":1,"featured_media":0,"parent":0,"menu_order":0,"comment_status":"closed","ping_status":"closed","template":"","meta":{"footnotes":""},"_links":{"self":[{"href":"http:\/\/www.actionry.fi\/index.php?rest_route=\/wp\/v2\/pages\/22"}],"collection":[{"href":"http:\/\/www.actionry.fi\/index.php?rest_route=\/wp\/v2\/pages"}],"about":[{"href":"http:\/\/www.actionry.fi\/index.php?rest_route=\/wp\/v2\/types\/page"}],"author":[{"embeddable":true,"href":"http:\/\/www.actionry.fi\/index.php?rest_route=\/wp\/v2\/users\/1"}],"replies":[{"embeddable":true,"href":"http:\/\/www.actionry.fi\/index.php?rest_route=%2Fwp%2Fv2%2Fcomments&post=22"}],"version-history":[{"count":124,"href":"http:\/\/www.actionry.fi\/index.php?rest_route=\/wp\/v2\/pages\/22\/revisions"}],"predecessor-version":[{"id":914,"href":"http:\/\/www.actionry.fi\/index.php?rest_route=\/wp\/v2\/pages\/22\/revisions\/914"}],"wp:attachment":[{"href":"http:\/\/www.actionry.fi\/index.php?rest_route=%2Fwp%2Fv2%2Fmedia&parent=22"}],"curies":[{"name":"wp","href":"https:\/\/api.w.org\/{rel}","templated":true}]}}