{"id":121,"date":"2018-06-12T02:01:01","date_gmt":"2018-06-11T23:01:01","guid":{"rendered":"http:\/\/www.actionry.fi\/?page_id=121"},"modified":"2026-02-28T22:38:12","modified_gmt":"2026-02-28T19:38:12","slug":"ajankohtaista","status":"publish","type":"page","link":"http:\/\/www.actionry.fi\/?page_id=121","title":{"rendered":"Ajankohtaista"},"content":{"rendered":"\n<h4 class=\"wp-block-heading\">&nbsp;<\/h4>\n\n\n\n<p><\/p>\n\n\n\n<hr class=\"wp-block-separator has-alpha-channel-opacity\"\/>\n\n\n\n<p>19.9.2024<br><strong>Action ry:n verkkokauppa<\/strong> avautui. Tilaa laadukkaita tuotteita itsellesi tai l\u00e4heisellesi!<br><a href=\"https:\/\/tukkutiimi.fi\/c\/569\/asiakaskaupat\/action-ry\" target=\"_blank\" rel=\"noopener\">Klikkaa t\u00e4nne!<\/a><\/p>\n\n\n\n<hr class=\"wp-block-separator has-alpha-channel-opacity\"\/>\n\n\n\n<p>04.10.2013<br><strong>Patentti- ja rekisterihallitus<\/strong> rekister\u00f6i yhdistyksen nimelt\u00e4 Action ry<\/p>\n\n\n\n<hr class=\"wp-block-separator has-alpha-channel-opacity\"\/>\n\n\n\n<p>15.09.2013<br><strong>Katriina Neva<\/strong> suunnitteli hienon logon valokuvaaja <strong>Jooel Rannan<\/strong> kuvan pohjalta<\/p>\n\n\n\n<hr class=\"wp-block-separator has-alpha-channel-opacity\"\/>\n\n\n\n<figure class=\"wp-block-image size-large\"><a href=\"http:\/\/www.actionry.fi\/wp-content\/uploads\/2024\/06\/tukijat2024b.png\"><img loading=\"lazy\" decoding=\"async\" width=\"1024\" height=\"158\" src=\"http:\/\/www.actionry.fi\/wp-content\/uploads\/2024\/06\/tukijat2024b-1024x158.png\" alt=\"\" class=\"wp-image-742\" srcset=\"http:\/\/www.actionry.fi\/wp-content\/uploads\/2024\/06\/tukijat2024b-1024x158.png 1024w, http:\/\/www.actionry.fi\/wp-content\/uploads\/2024\/06\/tukijat2024b-300x46.png 300w, http:\/\/www.actionry.fi\/wp-content\/uploads\/2024\/06\/tukijat2024b-768x118.png 768w, http:\/\/www.actionry.fi\/wp-content\/uploads\/2024\/06\/tukijat2024b-800x123.png 800w, http:\/\/www.actionry.fi\/wp-content\/uploads\/2024\/06\/tukijat2024b.png 1300w\" sizes=\"(max-width: 1024px) 100vw, 1024px\" \/><\/a><\/figure>\n","protected":false},"excerpt":{"rendered":"<p>&nbsp; 19.9.2024Action ry:n verkkokauppa avautui. Tilaa laadukkaita tuotteita itsellesi tai l\u00e4heisellesi!Klikkaa t\u00e4nne! 04.10.2013Patentti- ja rekisterihallitus rekister\u00f6i yhdistyksen nimelt\u00e4 Action ry 15.09.2013Katriina Neva suunnitteli hienon logon valokuvaaja Jooel Rannan kuvan pohjalta<\/p>\n","protected":false},"author":1,"featured_media":0,"parent":0,"menu_order":0,"comment_status":"closed","ping_status":"closed","template":"","meta":{"footnotes":""},"_links":{"self":[{"href":"http:\/\/www.actionry.fi\/index.php?rest_route=\/wp\/v2\/pages\/121"}],"collection":[{"href":"http:\/\/www.actionry.fi\/index.php?rest_route=\/wp\/v2\/pages"}],"about":[{"href":"http:\/\/www.actionry.fi\/index.php?rest_route=\/wp\/v2\/types\/page"}],"author":[{"embeddable":true,"href":"http:\/\/www.actionry.fi\/index.php?rest_route=\/wp\/v2\/users\/1"}],"replies":[{"embeddable":true,"href":"http:\/\/www.actionry.fi\/index.php?rest_route=%2Fwp%2Fv2%2Fcomments&post=121"}],"version-history":[{"count":69,"href":"http:\/\/www.actionry.fi\/index.php?rest_route=\/wp\/v2\/pages\/121\/revisions"}],"predecessor-version":[{"id":921,"href":"http:\/\/www.actionry.fi\/index.php?rest_route=\/wp\/v2\/pages\/121\/revisions\/921"}],"wp:attachment":[{"href":"http:\/\/www.actionry.fi\/index.php?rest_route=%2Fwp%2Fv2%2Fmedia&parent=121"}],"curies":[{"name":"wp","href":"https:\/\/api.w.org\/{rel}","templated":true}]}}